{"id":346,"date":"2019-08-17T16:17:28","date_gmt":"2019-08-17T14:17:28","guid":{"rendered":"https:\/\/orientalevenezia.beniculturali.it\/?page_id=346"},"modified":"2024-11-04T09:22:50","modified_gmt":"2024-11-04T08:22:50","slug":"accessibilita","status":"publish","type":"page","link":"https:\/\/orientalevenezia.beniculturali.it\/en\/visita\/accessibilita\/","title":{"rendered":"Accessibility"},"content":{"rendered":"<div data-elementor-type=\"wp-post\" data-elementor-id=\"346\" class=\"elementor elementor-346\" data-elementor-settings=\"[]\">\n\t\t\t<div class=\"elementor-inner\">\n\t\t\t\t<div class=\"elementor-section-wrap\">\n\t\t\t\t\t\t\t<section class=\"elementor-element elementor-element-3ab76610 elementor-section-boxed elementor-section-height-default elementor-section-height-default elementor-section elementor-top-section\" data-id=\"3ab76610\" data-element_type=\"section\">\n\t\t\t\t\t\t<div class=\"elementor-container elementor-column-gap-default\">\n\t\t\t\t<div class=\"elementor-row\">\n\t\t\t\t<div class=\"elementor-element elementor-element-0ad8176 elementor-column elementor-col-33 elementor-top-column\" data-id=\"0ad8176\" data-element_type=\"column\">\n\t\t\t<div class=\"elementor-column-wrap  elementor-element-populated\">\n\t\t\t\t\t<div class=\"elementor-widget-wrap\">\n\t\t\t\t<div class=\"elementor-element elementor-element-f634449 elementor-widget elementor-widget-heading\" data-id=\"f634449\" data-element_type=\"widget\" data-widget_type=\"heading.default\">\n\t\t\t\t<div class=\"elementor-widget-container\">\n\t\t\t<h2 class=\"elementor-heading-title elementor-size-default\">ACCESSIBILITY<\/h2>\t\t<\/div>\n\t\t\t\t<\/div>\n\t\t\t\t\t\t<\/div>\n\t\t\t<\/div>\n\t\t<\/div>\n\t\t\t\t<div class=\"elementor-element elementor-element-f7ffccf elementor-column elementor-col-66 elementor-top-column\" data-id=\"f7ffccf\" data-element_type=\"column\">\n\t\t\t<div class=\"elementor-column-wrap  elementor-element-populated\">\n\t\t\t\t\t<div class=\"elementor-widget-wrap\">\n\t\t\t\t<div class=\"elementor-element elementor-element-858b53d elementor-widget elementor-widget-text-editor\" data-id=\"858b53d\" data-element_type=\"widget\" data-widget_type=\"text-editor.default\">\n\t\t\t\t<div class=\"elementor-widget-container\">\n\t\t\t\t\t<div class=\"elementor-text-editor elementor-clearfix\"><p>The accessibility is the priority for the Museum of Oriental Art. It is an institution for all, according to the concept of public service that is the base of the cultural and social offer.<\/p><p><strong>ARCHITECTURAL BARRIERS<\/strong><br \/>The accessibility by wheel chair is guarantee for nine of the ten rooms by the lift.<\/p><p><strong>TACTILE TOUR<\/strong><br \/>You can reserve a free tactile tour choosing one of this specific themes:<\/p><ol><li><strong>Music and instruments of Edo period Japan: tactile exploration and listening.<\/strong><\/li><li><strong>The everyday life of women in Japan during the Edo period (1603-1868): artworks from nuptial settlements and kimono.<\/strong><\/li><li><strong>Treasures chest: a selection of objects to understand styles, materials, techniques.<\/strong><\/li><li><strong>For kids: Look, touch and discover. Tales to listen, objects to touch and a tactile memory game to play with.<\/strong> Click <a href=\"https:\/\/orientalevenezia.beniculturali.it\/en\/didattica\/per-i-piu-piccoli\/\"><em>here<\/em> <\/a>for more information about this option.<\/li><\/ol><p>You can reserve your visit writing an e-mail to: \ndrm-ven.orientale@cultura.gov.it.<br \/>Each tour lasts nearly one hour.<br \/>In the end you can listen to the videos in room 8:<\/p><ul><li>The Bardi collection, from private collection to State museum (15 minutes), in English and Italian<\/li><li>Makie, the golden lacquerware. Technique and restoration (9 minutes), in English or Italian<\/li><\/ul><p><strong>ACCESSIBLE MULTIMEDIA GUIDE- VEASYT FOR BLINDS<\/strong><br \/>AUDIOGUIDE FOR BLINDS\nYou can reach the free audioguide for 5 rooms <a href=http:\/\/tour.veasyt.com\/en\/slide-text\/arteorientale\/en> here<\/a>.\nYou can also reach it through the QRCode at the Museum. \nYou are strongly recommended to use the headphones.<br \/>The audio version of the guide is available for the visually impaired.<br \/>For deaf visitors, videos in LIS and the text written in simplified Italian are available.<br \/>The guide is avaliable in Italian and English.<br \/>The guide is also accessible from home on <a href=\"http:\/\/tour.veasyt.com\/it\/guide\/arteorientale\"><em>this page<\/em><\/a>.<\/p><p>LISTEN TO THE SOUND OF THE TRADITIONAL MUSICAL INSTRUMENTS                                                                               \nIn room 4 you can ask for the Museum smartphone to listen to the traditional musical instruments or you can download the app museoOrientale in your own smartphone<\/p><\/div>\n\t\t\t\t<\/div>\n\t\t\t\t<\/div>\n\t\t\t\t\t\t<\/div>\n\t\t\t<\/div>\n\t\t<\/div>\n\t\t\t\t\t\t<\/div>\n\t\t\t<\/div>\n\t\t<\/section>\n\t\t\t\t<section class=\"elementor-element elementor-element-4225074 elementor-section-boxed elementor-section-height-default elementor-section-height-default elementor-section elementor-top-section\" data-id=\"4225074\" data-element_type=\"section\">\n\t\t\t\t\t\t<div class=\"elementor-container elementor-column-gap-default\">\n\t\t\t\t<div class=\"elementor-row\">\n\t\t\t\t<div class=\"elementor-element elementor-element-3097794 elementor-column elementor-col-100 elementor-top-column\" data-id=\"3097794\" data-element_type=\"column\">\n\t\t\t<div class=\"elementor-column-wrap  elementor-element-populated\">\n\t\t\t\t\t<div class=\"elementor-widget-wrap\">\n\t\t\t\t<div class=\"elementor-element elementor-element-27740a5 elementor-shape-rounded elementor-widget elementor-widget-social-icons\" data-id=\"27740a5\" data-element_type=\"widget\" data-widget_type=\"social-icons.default\">\n\t\t\t\t<div class=\"elementor-widget-container\">\n\t\t\t\t\t<div class=\"elementor-social-icons-wrapper\">\n\t\t\t\t\t\t\t<a class=\"elementor-icon elementor-social-icon elementor-social-icon-instagram elementor-repeater-item-79a159c\" href=\"https:\/\/www.instagram.com\/museorientalevenezia\/\" target=\"_blank\">\n\t\t\t\t\t<span class=\"elementor-screen-only\">Instagram<\/span>\n\t\t\t\t\t<i class=\"fab fa-instagram\"><\/i>\t\t\t\t<\/a>\n\t\t\t\t\t\t\t<a class=\"elementor-icon elementor-social-icon elementor-social-icon-facebook elementor-repeater-item-3d9e3e6\" href=\"https:\/\/it-it.facebook.com\/MAOVenezia\/\" target=\"_blank\">\n\t\t\t\t\t<span class=\"elementor-screen-only\">Facebook<\/span>\n\t\t\t\t\t<i class=\"fab fa-facebook\"><\/i>\t\t\t\t<\/a>\n\t\t\t\t\t\t\t<a class=\"elementor-icon elementor-social-icon elementor-social-icon-pinterest elementor-repeater-item-f6b5ad3\" href=\"https:\/\/www.pinterest.it\/MuseoOrientale\/\" target=\"_blank\">\n\t\t\t\t\t<span class=\"elementor-screen-only\">Pinterest<\/span>\n\t\t\t\t\t<i class=\"fab fa-pinterest\"><\/i>\t\t\t\t<\/a>\n\t\t\t\t\t<\/div>\n\t\t\t\t<\/div>\n\t\t\t\t<\/div>\n\t\t\t\t\t\t<\/div>\n\t\t\t<\/div>\n\t\t<\/div>\n\t\t\t\t\t\t<\/div>\n\t\t\t<\/div>\n\t\t<\/section>\n\t\t\t\t\t\t<\/div>\n\t\t\t<\/div>\n\t\t<\/div>","protected":false},"excerpt":{"rendered":"<p>ACCESSIBILITA&#8217; L\u2019accessibilit\u00e0 \u00e8 una delle priorit\u00e0 del Museo. Esso vuole essere un\u2019istituzione per tutti, in coerenza con il concetto di servizio pubblico che sta alla base della promozione culturale e sociale. Per questo motivo negli ultimi anni sono stati implementati dei servizi appositi per visitatori ipovedenti, non vedenti e sordi. BARRIERE ARCHITETTONICHEAccessibilit\u00e0 a nove delle &hellip;<\/p>\n<p class=\"read-more\"> <a class=\"\" href=\"https:\/\/orientalevenezia.beniculturali.it\/en\/visita\/accessibilita\/\"> <span class=\"screen-reader-text\">Accessibility<\/span> Read More &raquo;<\/a><\/p>","protected":false},"author":1,"featured_media":0,"parent":76,"menu_order":0,"comment_status":"closed","ping_status":"closed","template":"elementor_header_footer","meta":{"footnotes":""},"class_list":["post-346","page","type-page","status-publish","hentry"],"_links":{"self":[{"href":"https:\/\/orientalevenezia.beniculturali.it\/en\/wp-json\/wp\/v2\/pages\/346","targetHints":{"allow":["GET"]}}],"collection":[{"href":"https:\/\/orientalevenezia.beniculturali.it\/en\/wp-json\/wp\/v2\/pages"}],"about":[{"href":"https:\/\/orientalevenezia.beniculturali.it\/en\/wp-json\/wp\/v2\/types\/page"}],"author":[{"embeddable":true,"href":"https:\/\/orientalevenezia.beniculturali.it\/en\/wp-json\/wp\/v2\/users\/1"}],"replies":[{"embeddable":true,"href":"https:\/\/orientalevenezia.beniculturali.it\/en\/wp-json\/wp\/v2\/comments?post=346"}],"version-history":[{"count":28,"href":"https:\/\/orientalevenezia.beniculturali.it\/en\/wp-json\/wp\/v2\/pages\/346\/revisions"}],"predecessor-version":[{"id":3164,"href":"https:\/\/orientalevenezia.beniculturali.it\/en\/wp-json\/wp\/v2\/pages\/346\/revisions\/3164"}],"up":[{"embeddable":true,"href":"https:\/\/orientalevenezia.beniculturali.it\/en\/wp-json\/wp\/v2\/pages\/76"}],"wp:attachment":[{"href":"https:\/\/orientalevenezia.beniculturali.it\/en\/wp-json\/wp\/v2\/media?parent=346"}],"curies":[{"name":"wp","href":"https:\/\/api.w.org\/{rel}","templated":true}]}}