{"id":716,"date":"2019-08-19T11:19:11","date_gmt":"2019-08-19T09:19:11","guid":{"rendered":"https:\/\/orientalevenezia.beniculturali.it\/?page_id=716"},"modified":"2020-04-28T15:35:31","modified_gmt":"2020-04-28T13:35:31","slug":"sala-xiii","status":"publish","type":"page","link":"https:\/\/orientalevenezia.beniculturali.it\/en\/collezione\/spazi\/sala-xiii\/","title":{"rendered":"Room XIII"},"content":{"rendered":"<div data-elementor-type=\"wp-post\" data-elementor-id=\"716\" class=\"elementor elementor-716\" data-elementor-settings=\"[]\">\n\t\t\t<div class=\"elementor-inner\">\n\t\t\t\t<div class=\"elementor-section-wrap\">\n\t\t\t\t\t\t\t<section class=\"elementor-element elementor-element-19af5d4a elementor-section-boxed elementor-section-height-default elementor-section-height-default elementor-section elementor-top-section\" data-id=\"19af5d4a\" data-element_type=\"section\">\n\t\t\t\t\t\t<div class=\"elementor-container elementor-column-gap-default\">\n\t\t\t\t<div class=\"elementor-row\">\n\t\t\t\t<div class=\"elementor-element elementor-element-cad42d9 elementor-column elementor-col-100 elementor-top-column\" data-id=\"cad42d9\" data-element_type=\"column\">\n\t\t\t<div class=\"elementor-column-wrap  elementor-element-populated\">\n\t\t\t\t\t<div class=\"elementor-widget-wrap\">\n\t\t\t\t<div class=\"elementor-element elementor-element-279ddcc6 elementor-widget elementor-widget-heading\" data-id=\"279ddcc6\" data-element_type=\"widget\" data-widget_type=\"heading.default\">\n\t\t\t\t<div class=\"elementor-widget-container\">\n\t\t\t<h2 class=\"elementor-heading-title elementor-size-default\">ROOM 13<\/h2>\t\t<\/div>\n\t\t\t\t<\/div>\n\t\t\t\t\t\t<\/div>\n\t\t\t<\/div>\n\t\t<\/div>\n\t\t\t\t\t\t<\/div>\n\t\t\t<\/div>\n\t\t<\/section>\n\t\t\t\t<section class=\"elementor-element elementor-element-14b753d6 elementor-section-boxed elementor-section-height-default elementor-section-height-default elementor-section elementor-top-section\" data-id=\"14b753d6\" data-element_type=\"section\">\n\t\t\t\t\t\t<div class=\"elementor-container elementor-column-gap-default\">\n\t\t\t\t<div class=\"elementor-row\">\n\t\t\t\t<div class=\"elementor-element elementor-element-16466842 elementor-column elementor-col-100 elementor-top-column\" data-id=\"16466842\" data-element_type=\"column\">\n\t\t\t<div class=\"elementor-column-wrap  elementor-element-populated\">\n\t\t\t\t\t<div class=\"elementor-widget-wrap\">\n\t\t\t\t<div class=\"elementor-element elementor-element-2bb84ffc elementor-widget elementor-widget-text-editor\" data-id=\"2bb84ffc\" data-element_type=\"widget\" data-widget_type=\"text-editor.default\">\n\t\t\t\t<div class=\"elementor-widget-container\">\n\t\t\t\t\t<div class=\"elementor-text-editor elementor-clearfix\"><p style=\"text-align: justify; vertical-align: baseline; margin: 0cm 0cm 19.2pt 0cm;\"><span style=\"font-size: 16.5pt;\">The last room is dedicated to Indonesia and Indochinese peninsula. <\/span><\/p><p style=\"text-align: justify; vertical-align: baseline; margin: 0cm 0cm 19.2pt 0cm;\"><span style=\"font-size: 16.5pt;\">Javanese puppets (wayang kulit), daggers (Kris), batik textiles, Indonesian jewels, ceramics and silvers from Thailand, Burmese lacquers are exposed. <\/span><\/p><p style=\"text-align: justify; vertical-align: baseline; margin: 0cm 0cm 19.2pt 0cm;\" class=\" translation-block\">The wayang kulit figures are made of painted and gilded carved leather. \nDuring the play, they were maneuvered by the dalang, the puppeteer, narrating tales while giving rhythm to the orchestra.\nSubjects were based on Mah\u0101bh\u0101rata and R\u0101m\u0101yana (Indian epics).<\/p><p style=\"text-align: justify; vertical-align: baseline; margin: 0cm 0cm 19.2pt 0cm;\"><span style=\"font-size: 16.5pt;\">Daggers on the central cases are mainly kris with wavy or straight blades, representation of the naga (sacred snake) life force.\nThe blades were obtained from iron and meteoric iron, layers of which were laid over each other and fused together. During the last phase, the metal was exposed to arsenic and acetic acid action.<\/span><\/p><p style=\"text-align: justify; vertical-align: baseline; margin: 0cm 0cm 19.2pt 0cm;\"><span style=\"font-size: 16.5pt;\"><br \/>Fabrics exposed near the wayang kulit puppets are precious batik, mainly from Java. These textiles were decorating according to a long process, including the use of wax, to waterproof some parts during the dyeing, to obtain polychromatic effects and unique patterns.<\/span><\/p><p style=\"text-align: justify; vertical-align: baseline; margin: 0cm 0cm 19.2pt 0cm;\"><span style=\"font-size: 16.5pt;\">Precious silvers from Thailand, the most part of which made for betel consumption, inhabit wall showcases together with bencharong ceramics. <\/span><\/p><\/div>\n\t\t\t\t<\/div>\n\t\t\t\t<\/div>\n\t\t\t\t\t\t<\/div>\n\t\t\t<\/div>\n\t\t<\/div>\n\t\t\t\t\t\t<\/div>\n\t\t\t<\/div>\n\t\t<\/section>\n\t\t\t\t<section class=\"elementor-element elementor-element-131311e1 elementor-section-boxed elementor-section-height-default elementor-section-height-default elementor-section elementor-top-section\" data-id=\"131311e1\" data-element_type=\"section\">\n\t\t\t\t\t\t<div class=\"elementor-container elementor-column-gap-default\">\n\t\t\t\t<div class=\"elementor-row\">\n\t\t\t\t<div class=\"elementor-element elementor-element-d4e79c7 elementor-column elementor-col-50 elementor-top-column\" data-id=\"d4e79c7\" data-element_type=\"column\">\n\t\t\t<div class=\"elementor-column-wrap  elementor-element-populated\">\n\t\t\t\t\t<div class=\"elementor-widget-wrap\">\n\t\t\t\t<div class=\"elementor-element elementor-element-3ae60494 elementor-widget elementor-widget-image\" data-id=\"3ae60494\" data-element_type=\"widget\" data-widget_type=\"image.default\">\n\t\t\t\t<div class=\"elementor-widget-container\">\n\t\t\t\t\t<div class=\"elementor-image\">\n\t\t\t\t\t\t\t<figure class=\"wp-caption\">\n\t\t\t\t\t\t\t\t\t\t<img loading=\"lazy\" decoding=\"async\" width=\"330\" height=\"427\" src=\"https:\/\/orientalevenezia.beniculturali.it\/wp-content\/uploads\/2019\/08\/Figura-del-teatro-delle-ombre-Wayang-2.tif.jpg\" class=\"attachment-large size-large\" alt=\"\" srcset=\"https:\/\/orientalevenezia.beniculturali.it\/wp-content\/uploads\/2019\/08\/Figura-del-teatro-delle-ombre-Wayang-2.tif.jpg 330w, https:\/\/orientalevenezia.beniculturali.it\/wp-content\/uploads\/2019\/08\/Figura-del-teatro-delle-ombre-Wayang-2.tif-232x300.jpg 232w\" sizes=\"auto, (max-width: 330px) 100vw, 330px\" \/>\t\t\t\t\t\t\t\t\t\t\t<figcaption class=\"widget-image-caption wp-caption-text\">Wayang kulit puppet, Java, 19th century<\/figcaption>\n\t\t\t\t\t\t\t\t\t\t<\/figure>\n\t\t\t\t\t<\/div>\n\t\t\t\t<\/div>\n\t\t\t\t<\/div>\n\t\t\t\t<div class=\"elementor-element elementor-element-e24876d elementor-widget elementor-widget-image\" data-id=\"e24876d\" data-element_type=\"widget\" data-widget_type=\"image.default\">\n\t\t\t\t<div class=\"elementor-widget-container\">\n\t\t\t\t\t<div class=\"elementor-image\">\n\t\t\t\t\t\t\t<figure class=\"wp-caption\">\n\t\t\t\t\t\t\t\t\t\t<img loading=\"lazy\" decoding=\"async\" width=\"1024\" height=\"683\" src=\"https:\/\/orientalevenezia.beniculturali.it\/wp-content\/uploads\/2019\/08\/MG_5435-1024x683.jpg\" class=\"attachment-large size-large\" alt=\"\" srcset=\"https:\/\/orientalevenezia.beniculturali.it\/wp-content\/uploads\/2019\/08\/MG_5435-1024x683.jpg 1024w, https:\/\/orientalevenezia.beniculturali.it\/wp-content\/uploads\/2019\/08\/MG_5435-300x200.jpg 300w, https:\/\/orientalevenezia.beniculturali.it\/wp-content\/uploads\/2019\/08\/MG_5435-768x512.jpg 768w\" sizes=\"auto, (max-width: 1024px) 100vw, 1024px\" \/>\t\t\t\t\t\t\t\t\t\t\t<figcaption class=\"widget-image-caption wp-caption-text\">Kris, Madura, 16th century<\/figcaption>\n\t\t\t\t\t\t\t\t\t\t<\/figure>\n\t\t\t\t\t<\/div>\n\t\t\t\t<\/div>\n\t\t\t\t<\/div>\n\t\t\t\t<div class=\"elementor-element elementor-element-393280f8 elementor-widget elementor-widget-image\" data-id=\"393280f8\" data-element_type=\"widget\" data-widget_type=\"image.default\">\n\t\t\t\t<div class=\"elementor-widget-container\">\n\t\t\t\t\t<div class=\"elementor-image\">\n\t\t\t\t\t\t\t<figure class=\"wp-caption\">\n\t\t\t\t\t\t\t\t\t\t<img loading=\"lazy\" decoding=\"async\" width=\"457\" height=\"645\" src=\"https:\/\/orientalevenezia.beniculturali.it\/wp-content\/uploads\/2019\/08\/o7377.jpg\" class=\"attachment-large size-large\" alt=\"\" srcset=\"https:\/\/orientalevenezia.beniculturali.it\/wp-content\/uploads\/2019\/08\/o7377.jpg 457w, https:\/\/orientalevenezia.beniculturali.it\/wp-content\/uploads\/2019\/08\/o7377-213x300.jpg 213w\" sizes=\"auto, (max-width: 457px) 100vw, 457px\" \/>\t\t\t\t\t\t\t\t\t\t\t<figcaption class=\"widget-image-caption wp-caption-text\">Kris hilt, Madura, 16-18th century<\/figcaption>\n\t\t\t\t\t\t\t\t\t\t<\/figure>\n\t\t\t\t\t<\/div>\n\t\t\t\t<\/div>\n\t\t\t\t<\/div>\n\t\t\t\t<div class=\"elementor-element elementor-element-71c23f1a elementor-widget elementor-widget-image\" data-id=\"71c23f1a\" data-element_type=\"widget\" data-widget_type=\"image.default\">\n\t\t\t\t<div class=\"elementor-widget-container\">\n\t\t\t\t\t<div class=\"elementor-image\">\n\t\t\t\t\t\t\t<figure class=\"wp-caption\">\n\t\t\t\t\t\t\t\t\t\t<img loading=\"lazy\" decoding=\"async\" width=\"453\" height=\"728\" src=\"https:\/\/orientalevenezia.beniculturali.it\/wp-content\/uploads\/2019\/08\/batik.jpg\" class=\"attachment-large size-large\" alt=\"\" srcset=\"https:\/\/orientalevenezia.beniculturali.it\/wp-content\/uploads\/2019\/08\/batik.jpg 453w, https:\/\/orientalevenezia.beniculturali.it\/wp-content\/uploads\/2019\/08\/batik-187x300.jpg 187w\" sizes=\"auto, (max-width: 453px) 100vw, 453px\" \/>\t\t\t\t\t\t\t\t\t\t\t<figcaption class=\"widget-image-caption wp-caption-text\">Batik, Indonesia, 19th century<\/figcaption>\n\t\t\t\t\t\t\t\t\t\t<\/figure>\n\t\t\t\t\t<\/div>\n\t\t\t\t<\/div>\n\t\t\t\t<\/div>\n\t\t\t\t<div class=\"elementor-element elementor-element-e1b09c4 elementor-widget elementor-widget-image\" data-id=\"e1b09c4\" data-element_type=\"widget\" data-widget_type=\"image.default\">\n\t\t\t\t<div class=\"elementor-widget-container\">\n\t\t\t\t\t<div class=\"elementor-image\">\n\t\t\t\t\t\t\t<figure class=\"wp-caption\">\n\t\t\t\t\t\t\t\t\t\t<img loading=\"lazy\" decoding=\"async\" width=\"692\" height=\"447\" src=\"https:\/\/orientalevenezia.beniculturali.it\/wp-content\/uploads\/2020\/04\/5.jpg\" class=\"attachment-large size-large\" alt=\"\" srcset=\"https:\/\/orientalevenezia.beniculturali.it\/wp-content\/uploads\/2020\/04\/5.jpg 692w, https:\/\/orientalevenezia.beniculturali.it\/wp-content\/uploads\/2020\/04\/5-300x194.jpg 300w\" sizes=\"auto, (max-width: 692px) 100vw, 692px\" \/>\t\t\t\t\t\t\t\t\t\t\t<figcaption class=\"widget-image-caption wp-caption-text\">Betel box, Thailand, 19th century<\/figcaption>\n\t\t\t\t\t\t\t\t\t\t<\/figure>\n\t\t\t\t\t<\/div>\n\t\t\t\t<\/div>\n\t\t\t\t<\/div>\n\t\t\t\t\t\t<\/div>\n\t\t\t<\/div>\n\t\t<\/div>\n\t\t\t\t<div class=\"elementor-element elementor-element-5fea87f elementor-column elementor-col-50 elementor-top-column\" data-id=\"5fea87f\" data-element_type=\"column\">\n\t\t\t<div class=\"elementor-column-wrap  elementor-element-populated\">\n\t\t\t\t\t<div class=\"elementor-widget-wrap\">\n\t\t\t\t<div class=\"elementor-element elementor-element-465e66e5 elementor-widget elementor-widget-image\" data-id=\"465e66e5\" data-element_type=\"widget\" data-widget_type=\"image.default\">\n\t\t\t\t<div class=\"elementor-widget-container\">\n\t\t\t\t\t<div class=\"elementor-image\">\n\t\t\t\t\t\t\t<figure class=\"wp-caption\">\n\t\t\t\t\t\t\t\t\t\t<img loading=\"lazy\" decoding=\"async\" width=\"329\" height=\"461\" src=\"https:\/\/orientalevenezia.beniculturali.it\/wp-content\/uploads\/2019\/08\/Figura-del-teatro-delle-ombre-Wayang.jpg\" class=\"attachment-large size-large\" alt=\"\" srcset=\"https:\/\/orientalevenezia.beniculturali.it\/wp-content\/uploads\/2019\/08\/Figura-del-teatro-delle-ombre-Wayang.jpg 329w, https:\/\/orientalevenezia.beniculturali.it\/wp-content\/uploads\/2019\/08\/Figura-del-teatro-delle-ombre-Wayang-214x300.jpg 214w\" sizes=\"auto, (max-width: 329px) 100vw, 329px\" \/>\t\t\t\t\t\t\t\t\t\t\t<figcaption class=\"widget-image-caption wp-caption-text\">Wayang kulit puppet, Java, 19th century<\/figcaption>\n\t\t\t\t\t\t\t\t\t\t<\/figure>\n\t\t\t\t\t<\/div>\n\t\t\t\t<\/div>\n\t\t\t\t<\/div>\n\t\t\t\t<div class=\"elementor-element elementor-element-e200bc6 elementor-widget elementor-widget-image\" data-id=\"e200bc6\" data-element_type=\"widget\" data-widget_type=\"image.default\">\n\t\t\t\t<div class=\"elementor-widget-container\">\n\t\t\t\t\t<div class=\"elementor-image\">\n\t\t\t\t\t\t\t<figure class=\"wp-caption\">\n\t\t\t\t\t\t\t\t\t\t<img loading=\"lazy\" decoding=\"async\" width=\"416\" height=\"699\" src=\"https:\/\/orientalevenezia.beniculturali.it\/wp-content\/uploads\/2019\/08\/o7383.jpg\" class=\"attachment-large size-large\" alt=\"\" srcset=\"https:\/\/orientalevenezia.beniculturali.it\/wp-content\/uploads\/2019\/08\/o7383.jpg 416w, https:\/\/orientalevenezia.beniculturali.it\/wp-content\/uploads\/2019\/08\/o7383-179x300.jpg 179w\" sizes=\"auto, (max-width: 416px) 100vw, 416px\" \/>\t\t\t\t\t\t\t\t\t\t\t<figcaption class=\"widget-image-caption wp-caption-text\">Kris hilt, oriental Java, 18th century<\/figcaption>\n\t\t\t\t\t\t\t\t\t\t<\/figure>\n\t\t\t\t\t<\/div>\n\t\t\t\t<\/div>\n\t\t\t\t<\/div>\n\t\t\t\t<div class=\"elementor-element elementor-element-23a5ae7f elementor-widget elementor-widget-image\" data-id=\"23a5ae7f\" data-element_type=\"widget\" data-widget_type=\"image.default\">\n\t\t\t\t<div class=\"elementor-widget-container\">\n\t\t\t\t\t<div class=\"elementor-image\">\n\t\t\t\t\t\t\t<figure class=\"wp-caption\">\n\t\t\t\t\t\t\t\t\t\t<img loading=\"lazy\" decoding=\"async\" width=\"524\" height=\"1016\" src=\"https:\/\/orientalevenezia.beniculturali.it\/wp-content\/uploads\/2019\/08\/scatola-indonesiana.jpg\" class=\"attachment-large size-large\" alt=\"\" srcset=\"https:\/\/orientalevenezia.beniculturali.it\/wp-content\/uploads\/2019\/08\/scatola-indonesiana.jpg 524w, https:\/\/orientalevenezia.beniculturali.it\/wp-content\/uploads\/2019\/08\/scatola-indonesiana-155x300.jpg 155w\" sizes=\"auto, (max-width: 524px) 100vw, 524px\" \/>\t\t\t\t\t\t\t\t\t\t\t<figcaption class=\"widget-image-caption wp-caption-text\">Hsunok, offering vessel, BUrma, 19th century<\/figcaption>\n\t\t\t\t\t\t\t\t\t\t<\/figure>\n\t\t\t\t\t<\/div>\n\t\t\t\t<\/div>\n\t\t\t\t<\/div>\n\t\t\t\t<div class=\"elementor-element elementor-element-25e37ff elementor-widget elementor-widget-image\" data-id=\"25e37ff\" data-element_type=\"widget\" data-widget_type=\"image.default\">\n\t\t\t\t<div class=\"elementor-widget-container\">\n\t\t\t\t\t<div class=\"elementor-image\">\n\t\t\t\t\t\t\t<figure class=\"wp-caption\">\n\t\t\t\t\t\t\t\t\t\t<img loading=\"lazy\" decoding=\"async\" width=\"663\" height=\"1024\" src=\"https:\/\/orientalevenezia.beniculturali.it\/wp-content\/uploads\/2020\/04\/4-663x1024.jpg\" class=\"attachment-large size-large\" alt=\"\" srcset=\"https:\/\/orientalevenezia.beniculturali.it\/wp-content\/uploads\/2020\/04\/4-663x1024.jpg 663w, https:\/\/orientalevenezia.beniculturali.it\/wp-content\/uploads\/2020\/04\/4-194x300.jpg 194w, https:\/\/orientalevenezia.beniculturali.it\/wp-content\/uploads\/2020\/04\/4-768x1185.jpg 768w\" sizes=\"auto, (max-width: 663px) 100vw, 663px\" \/>\t\t\t\t\t\t\t\t\t\t\t<figcaption class=\"widget-image-caption wp-caption-text\">Buddha in the Palileyaka Woods, Thailand, 19th century<\/figcaption>\n\t\t\t\t\t\t\t\t\t\t<\/figure>\n\t\t\t\t\t<\/div>\n\t\t\t\t<\/div>\n\t\t\t\t<\/div>\n\t\t\t\t\t\t<\/div>\n\t\t\t<\/div>\n\t\t<\/div>\n\t\t\t\t\t\t<\/div>\n\t\t\t<\/div>\n\t\t<\/section>\n\t\t\t\t<section class=\"elementor-element elementor-element-6791af4 elementor-section-boxed elementor-section-height-default elementor-section-height-default elementor-section elementor-top-section\" data-id=\"6791af4\" data-element_type=\"section\">\n\t\t\t\t\t\t<div class=\"elementor-container elementor-column-gap-default\">\n\t\t\t\t<div class=\"elementor-row\">\n\t\t\t\t<div class=\"elementor-element elementor-element-e6b0f2b elementor-column elementor-col-100 elementor-top-column\" data-id=\"e6b0f2b\" data-element_type=\"column\">\n\t\t\t<div class=\"elementor-column-wrap  elementor-element-populated\">\n\t\t\t\t\t<div class=\"elementor-widget-wrap\">\n\t\t\t\t<div class=\"elementor-element elementor-element-2b2d014 elementor-shape-rounded elementor-widget elementor-widget-social-icons\" data-id=\"2b2d014\" data-element_type=\"widget\" data-widget_type=\"social-icons.default\">\n\t\t\t\t<div class=\"elementor-widget-container\">\n\t\t\t\t\t<div class=\"elementor-social-icons-wrapper\">\n\t\t\t\t\t\t\t<a class=\"elementor-icon elementor-social-icon elementor-social-icon-instagram elementor-repeater-item-79a159c\" href=\"https:\/\/www.instagram.com\/museorientalevenezia\/\" target=\"_blank\">\n\t\t\t\t\t<span class=\"elementor-screen-only\">Instagram<\/span>\n\t\t\t\t\t<i class=\"fab fa-instagram\"><\/i>\t\t\t\t<\/a>\n\t\t\t\t\t\t\t<a class=\"elementor-icon elementor-social-icon elementor-social-icon-facebook elementor-repeater-item-3d9e3e6\" href=\"https:\/\/it-it.facebook.com\/MAOVenezia\/\" target=\"_blank\">\n\t\t\t\t\t<span class=\"elementor-screen-only\">Facebook<\/span>\n\t\t\t\t\t<i class=\"fab fa-facebook\"><\/i>\t\t\t\t<\/a>\n\t\t\t\t\t\t\t<a class=\"elementor-icon elementor-social-icon elementor-social-icon-pinterest elementor-repeater-item-f6b5ad3\" href=\"https:\/\/www.pinterest.it\/MuseoOrientale\/\" target=\"_blank\">\n\t\t\t\t\t<span class=\"elementor-screen-only\">Pinterest<\/span>\n\t\t\t\t\t<i class=\"fab fa-pinterest\"><\/i>\t\t\t\t<\/a>\n\t\t\t\t\t<\/div>\n\t\t\t\t<\/div>\n\t\t\t\t<\/div>\n\t\t\t\t\t\t<\/div>\n\t\t\t<\/div>\n\t\t<\/div>\n\t\t\t\t\t\t<\/div>\n\t\t\t<\/div>\n\t\t<\/section>\n\t\t\t\t\t\t<\/div>\n\t\t\t<\/div>\n\t\t<\/div>","protected":false},"excerpt":{"rendered":"<p>SALA XIII L\u2019ultima sala \u00e8 dedicata all\u2019Indonesia e alla penisola indocinese. Vi sono esposte diverse marionette del teatro delle ombre di Giava (wayang kulit), pugnali (kris), tessuti batik, gioielli indonesiani, ceramiche e argenti thailandesi, lacche birmane. Le figure del wayang kulit sono in cuoio intagliato dipinto e dorato. Durante gli spettacoli erano manovrate dal dalang, &hellip;<\/p>\n<p class=\"read-more\"> <a class=\"\" href=\"https:\/\/orientalevenezia.beniculturali.it\/en\/collezione\/spazi\/sala-xiii\/\"> <span class=\"screen-reader-text\">Room XIII<\/span> Read More &raquo;<\/a><\/p>","protected":false},"author":1,"featured_media":0,"parent":483,"menu_order":0,"comment_status":"closed","ping_status":"closed","template":"","meta":{"footnotes":""},"class_list":["post-716","page","type-page","status-publish","hentry"],"_links":{"self":[{"href":"https:\/\/orientalevenezia.beniculturali.it\/en\/wp-json\/wp\/v2\/pages\/716","targetHints":{"allow":["GET"]}}],"collection":[{"href":"https:\/\/orientalevenezia.beniculturali.it\/en\/wp-json\/wp\/v2\/pages"}],"about":[{"href":"https:\/\/orientalevenezia.beniculturali.it\/en\/wp-json\/wp\/v2\/types\/page"}],"author":[{"embeddable":true,"href":"https:\/\/orientalevenezia.beniculturali.it\/en\/wp-json\/wp\/v2\/users\/1"}],"replies":[{"embeddable":true,"href":"https:\/\/orientalevenezia.beniculturali.it\/en\/wp-json\/wp\/v2\/comments?post=716"}],"version-history":[{"count":16,"href":"https:\/\/orientalevenezia.beniculturali.it\/en\/wp-json\/wp\/v2\/pages\/716\/revisions"}],"predecessor-version":[{"id":1589,"href":"https:\/\/orientalevenezia.beniculturali.it\/en\/wp-json\/wp\/v2\/pages\/716\/revisions\/1589"}],"up":[{"embeddable":true,"href":"https:\/\/orientalevenezia.beniculturali.it\/en\/wp-json\/wp\/v2\/pages\/483"}],"wp:attachment":[{"href":"https:\/\/orientalevenezia.beniculturali.it\/en\/wp-json\/wp\/v2\/media?parent=716"}],"curies":[{"name":"wp","href":"https:\/\/api.w.org\/{rel}","templated":true}]}}