{"id":819,"date":"2019-08-19T16:43:27","date_gmt":"2019-08-19T14:43:27","guid":{"rendered":"https:\/\/orientalevenezia.beniculturali.it\/?page_id=819"},"modified":"2025-08-25T09:33:51","modified_gmt":"2025-08-25T07:33:51","slug":"scolaresche","status":"publish","type":"page","link":"https:\/\/orientalevenezia.beniculturali.it\/en\/didattica\/scolaresche\/","title":{"rendered":"School classes"},"content":{"rendered":"<div data-elementor-type=\"wp-post\" data-elementor-id=\"819\" class=\"elementor elementor-819\" data-elementor-settings=\"[]\">\n\t\t\t<div class=\"elementor-inner\">\n\t\t\t\t<div class=\"elementor-section-wrap\">\n\t\t\t\t\t\t\t<section class=\"elementor-element elementor-element-52aeb13 elementor-section-boxed elementor-section-height-default elementor-section-height-default elementor-section elementor-top-section\" data-id=\"52aeb13\" data-element_type=\"section\">\n\t\t\t\t\t\t<div class=\"elementor-container elementor-column-gap-default\">\n\t\t\t\t<div class=\"elementor-row\">\n\t\t\t\t<div class=\"elementor-element elementor-element-19e409b0 elementor-column elementor-col-33 elementor-top-column\" data-id=\"19e409b0\" data-element_type=\"column\">\n\t\t\t<div class=\"elementor-column-wrap  elementor-element-populated\">\n\t\t\t\t\t<div class=\"elementor-widget-wrap\">\n\t\t\t\t<div class=\"elementor-element elementor-element-4865f6de elementor-widget elementor-widget-heading\" data-id=\"4865f6de\" data-element_type=\"widget\" data-widget_type=\"heading.default\">\n\t\t\t\t<div class=\"elementor-widget-container\">\n\t\t\t<h2 class=\"elementor-heading-title elementor-size-default\">SCHOOL CLASSES<\/h2>\t\t<\/div>\n\t\t\t\t<\/div>\n\t\t\t\t\t\t<\/div>\n\t\t\t<\/div>\n\t\t<\/div>\n\t\t\t\t<div class=\"elementor-element elementor-element-73bf5ab8 elementor-column elementor-col-66 elementor-top-column\" data-id=\"73bf5ab8\" data-element_type=\"column\">\n\t\t\t<div class=\"elementor-column-wrap  elementor-element-populated\">\n\t\t\t\t\t<div class=\"elementor-widget-wrap\">\n\t\t\t\t<div class=\"elementor-element elementor-element-1a067831 elementor-widget elementor-widget-text-editor\" data-id=\"1a067831\" data-element_type=\"widget\" data-widget_type=\"text-editor.default\">\n\t\t\t\t<div class=\"elementor-widget-container\">\n\t\t\t\t\t<div class=\"elementor-text-editor elementor-clearfix\"><p>Per le scolaresche \u00e8 consigliata la prenotazione, telefonando al numero +39 041721127. Per richiedere una visita guidata, \u00e8 possibile contattare il numero +39 0415241173.<br \/>\u00c8 inoltre possibile per le classi concordare delle Convenzioni <strong>gratuite<\/strong> con il Museo (Marta Boscolo Marchi 041 2967628 o Elisa Assunta de Concini 0415241173), che offre laboratori e attivit\u00e0 per studenti di tutti i livelli di istruzione, da elaborare con i docenti secondo le esigenze della programmazione didattica.\u00a0<\/p><\/div>\n\t\t\t\t<\/div>\n\t\t\t\t<\/div>\n\t\t\t\t\t\t<\/div>\n\t\t\t<\/div>\n\t\t<\/div>\n\t\t\t\t\t\t<\/div>\n\t\t\t<\/div>\n\t\t<\/section>\n\t\t\t\t<section class=\"elementor-element elementor-element-21a38cc elementor-section-boxed elementor-section-height-default elementor-section-height-default elementor-section elementor-top-section\" data-id=\"21a38cc\" data-element_type=\"section\">\n\t\t\t\t\t\t<div class=\"elementor-container elementor-column-gap-default\">\n\t\t\t\t<div class=\"elementor-row\">\n\t\t\t\t<div class=\"elementor-element elementor-element-61b6762 elementor-column elementor-col-100 elementor-top-column\" data-id=\"61b6762\" data-element_type=\"column\">\n\t\t\t<div class=\"elementor-column-wrap  elementor-element-populated\">\n\t\t\t\t\t<div class=\"elementor-widget-wrap\">\n\t\t\t\t<div class=\"elementor-element elementor-element-cf8be70 elementor-widget elementor-widget-image\" data-id=\"cf8be70\" data-element_type=\"widget\" data-widget_type=\"image.default\">\n\t\t\t\t<div class=\"elementor-widget-container\">\n\t\t\t\t\t<div class=\"elementor-image\">\n\t\t\t\t\t\t\t\t\t\t<img loading=\"lazy\" decoding=\"async\" width=\"840\" height=\"602\" src=\"https:\/\/orientalevenezia.beniculturali.it\/wp-content\/uploads\/2025\/08\/convenzioni.jpg\" class=\"attachment-large size-large\" alt=\"\" srcset=\"https:\/\/orientalevenezia.beniculturali.it\/wp-content\/uploads\/2025\/08\/convenzioni.jpg 840w, https:\/\/orientalevenezia.beniculturali.it\/wp-content\/uploads\/2025\/08\/convenzioni-300x215.jpg 300w, https:\/\/orientalevenezia.beniculturali.it\/wp-content\/uploads\/2025\/08\/convenzioni-768x550.jpg 768w\" sizes=\"auto, (max-width: 840px) 100vw, 840px\" \/>\t\t\t\t\t\t\t\t\t\t\t<\/div>\n\t\t\t\t<\/div>\n\t\t\t\t<\/div>\n\t\t\t\t\t\t<\/div>\n\t\t\t<\/div>\n\t\t<\/div>\n\t\t\t\t\t\t<\/div>\n\t\t\t<\/div>\n\t\t<\/section>\n\t\t\t\t<section class=\"elementor-element elementor-element-600ddb7 elementor-section-boxed elementor-section-height-default elementor-section-height-default elementor-section elementor-top-section\" data-id=\"600ddb7\" data-element_type=\"section\">\n\t\t\t\t\t\t<div class=\"elementor-container elementor-column-gap-default\">\n\t\t\t\t<div class=\"elementor-row\">\n\t\t\t\t<div class=\"elementor-element elementor-element-e6b92e9 elementor-column elementor-col-100 elementor-top-column\" data-id=\"e6b92e9\" data-element_type=\"column\">\n\t\t\t<div class=\"elementor-column-wrap  elementor-element-populated\">\n\t\t\t\t\t<div class=\"elementor-widget-wrap\">\n\t\t\t\t<div class=\"elementor-element elementor-element-7e2a4df elementor-widget elementor-widget-text-editor\" data-id=\"7e2a4df\" data-element_type=\"widget\" data-widget_type=\"text-editor.default\">\n\t\t\t\t<div class=\"elementor-widget-container\">\n\t\t\t\t\t<div class=\"elementor-text-editor elementor-clearfix\"><p>Potete trovare alcuni esempi di attivit\u00e0 <a href=\"https:\/\/orientalevenezia.beniculturali.it\/en\/proposte-educative-del-museo-darte-orientale-2022-2023\/\">here<\/a>:<\/p><\/div>\n\t\t\t\t<\/div>\n\t\t\t\t<\/div>\n\t\t\t\t\t\t<\/div>\n\t\t\t<\/div>\n\t\t<\/div>\n\t\t\t\t\t\t<\/div>\n\t\t\t<\/div>\n\t\t<\/section>\n\t\t\t\t<section class=\"elementor-element elementor-element-b49325c elementor-section-boxed elementor-section-height-default elementor-section-height-default elementor-section elementor-top-section\" data-id=\"b49325c\" data-element_type=\"section\">\n\t\t\t\t\t\t<div class=\"elementor-container elementor-column-gap-default\">\n\t\t\t\t<div class=\"elementor-row\">\n\t\t\t\t<div class=\"elementor-element elementor-element-3f35360 elementor-column elementor-col-100 elementor-top-column\" data-id=\"3f35360\" data-element_type=\"column\">\n\t\t\t<div class=\"elementor-column-wrap  elementor-element-populated\">\n\t\t\t\t\t<div class=\"elementor-widget-wrap\">\n\t\t\t\t<section class=\"elementor-element elementor-element-41dfb99 elementor-section-boxed elementor-section-height-default elementor-section-height-default elementor-section elementor-inner-section\" data-id=\"41dfb99\" data-element_type=\"section\">\n\t\t\t\t\t\t<div class=\"elementor-container elementor-column-gap-default\">\n\t\t\t\t<div class=\"elementor-row\">\n\t\t\t\t<div class=\"elementor-element elementor-element-3af19a8 elementor-column elementor-col-50 elementor-inner-column\" data-id=\"3af19a8\" data-element_type=\"column\">\n\t\t\t<div class=\"elementor-column-wrap  elementor-element-populated\">\n\t\t\t\t\t<div class=\"elementor-widget-wrap\">\n\t\t\t\t<div class=\"elementor-element elementor-element-a06e98b elementor-widget elementor-widget-image\" data-id=\"a06e98b\" data-element_type=\"widget\" data-widget_type=\"image.default\">\n\t\t\t\t<div class=\"elementor-widget-container\">\n\t\t\t\t\t<div class=\"elementor-image\">\n\t\t\t\t\t\t\t\t\t\t<img loading=\"lazy\" decoding=\"async\" width=\"732\" height=\"719\" src=\"https:\/\/orientalevenezia.beniculturali.it\/wp-content\/uploads\/2020\/05\/1.-stagioneecolore-e1589527691670.jpg\" class=\"attachment-large size-large\" alt=\"Vai a Scolaresche\" srcset=\"https:\/\/orientalevenezia.beniculturali.it\/wp-content\/uploads\/2020\/05\/1.-stagioneecolore-e1589527691670.jpg 732w, https:\/\/orientalevenezia.beniculturali.it\/wp-content\/uploads\/2020\/05\/1.-stagioneecolore-e1589527691670-300x295.jpg 300w\" sizes=\"auto, (max-width: 732px) 100vw, 732px\" \/>\t\t\t\t\t\t\t\t\t\t\t<\/div>\n\t\t\t\t<\/div>\n\t\t\t\t<\/div>\n\t\t\t\t\t\t<\/div>\n\t\t\t<\/div>\n\t\t<\/div>\n\t\t\t\t<div class=\"elementor-element elementor-element-c63b097 elementor-column elementor-col-50 elementor-inner-column\" data-id=\"c63b097\" data-element_type=\"column\">\n\t\t\t<div class=\"elementor-column-wrap  elementor-element-populated\">\n\t\t\t\t\t<div class=\"elementor-widget-wrap\">\n\t\t\t\t<div class=\"elementor-element elementor-element-d7269f7 elementor-widget elementor-widget-image\" data-id=\"d7269f7\" data-element_type=\"widget\" data-widget_type=\"image.default\">\n\t\t\t\t<div class=\"elementor-widget-container\">\n\t\t\t\t\t<div class=\"elementor-image\">\n\t\t\t\t\t\t\t\t\t\t<img loading=\"lazy\" decoding=\"async\" width=\"480\" height=\"640\" src=\"https:\/\/orientalevenezia.beniculturali.it\/wp-content\/uploads\/2020\/05\/IMG_8711.jpg\" class=\"attachment-large size-large\" alt=\"\" srcset=\"https:\/\/orientalevenezia.beniculturali.it\/wp-content\/uploads\/2020\/05\/IMG_8711.jpg 480w, https:\/\/orientalevenezia.beniculturali.it\/wp-content\/uploads\/2020\/05\/IMG_8711-225x300.jpg 225w\" sizes=\"auto, (max-width: 480px) 100vw, 480px\" \/>\t\t\t\t\t\t\t\t\t\t\t<\/div>\n\t\t\t\t<\/div>\n\t\t\t\t<\/div>\n\t\t\t\t\t\t<\/div>\n\t\t\t<\/div>\n\t\t<\/div>\n\t\t\t\t\t\t<\/div>\n\t\t\t<\/div>\n\t\t<\/section>\n\t\t\t\t\t\t<\/div>\n\t\t\t<\/div>\n\t\t<\/div>\n\t\t\t\t\t\t<\/div>\n\t\t\t<\/div>\n\t\t<\/section>\n\t\t\t\t<section class=\"elementor-element elementor-element-1b3dd6f elementor-section-boxed elementor-section-height-default elementor-section-height-default elementor-section elementor-top-section\" data-id=\"1b3dd6f\" data-element_type=\"section\">\n\t\t\t\t\t\t<div class=\"elementor-container elementor-column-gap-default\">\n\t\t\t\t<div class=\"elementor-row\">\n\t\t\t\t<div class=\"elementor-element elementor-element-f71d58f elementor-column elementor-col-50 elementor-top-column\" data-id=\"f71d58f\" data-element_type=\"column\">\n\t\t\t<div class=\"elementor-column-wrap  elementor-element-populated\">\n\t\t\t\t\t<div class=\"elementor-widget-wrap\">\n\t\t\t\t<div class=\"elementor-element elementor-element-5eaf6af elementor-widget elementor-widget-image\" data-id=\"5eaf6af\" data-element_type=\"widget\" data-widget_type=\"image.default\">\n\t\t\t\t<div class=\"elementor-widget-container\">\n\t\t\t\t\t<div class=\"elementor-image\">\n\t\t\t\t\t\t\t\t\t\t<img loading=\"lazy\" decoding=\"async\" width=\"730\" height=\"1024\" src=\"https:\/\/orientalevenezia.beniculturali.it\/wp-content\/uploads\/2025\/08\/Flyer-MAOV-Edu-day_carta-usomano-2-1-1-730x1024.jpg\" class=\"attachment-large size-large\" alt=\"\" srcset=\"https:\/\/orientalevenezia.beniculturali.it\/wp-content\/uploads\/2025\/08\/Flyer-MAOV-Edu-day_carta-usomano-2-1-1-730x1024.jpg 730w, https:\/\/orientalevenezia.beniculturali.it\/wp-content\/uploads\/2025\/08\/Flyer-MAOV-Edu-day_carta-usomano-2-1-1-214x300.jpg 214w, https:\/\/orientalevenezia.beniculturali.it\/wp-content\/uploads\/2025\/08\/Flyer-MAOV-Edu-day_carta-usomano-2-1-1-768x1078.jpg 768w, https:\/\/orientalevenezia.beniculturali.it\/wp-content\/uploads\/2025\/08\/Flyer-MAOV-Edu-day_carta-usomano-2-1-1.jpg 1275w\" sizes=\"auto, (max-width: 730px) 100vw, 730px\" \/>\t\t\t\t\t\t\t\t\t\t\t<\/div>\n\t\t\t\t<\/div>\n\t\t\t\t<\/div>\n\t\t\t\t\t\t<\/div>\n\t\t\t<\/div>\n\t\t<\/div>\n\t\t\t\t<div class=\"elementor-element elementor-element-d30f527 elementor-column elementor-col-50 elementor-top-column\" data-id=\"d30f527\" data-element_type=\"column\">\n\t\t\t<div class=\"elementor-column-wrap  elementor-element-populated\">\n\t\t\t\t\t<div class=\"elementor-widget-wrap\">\n\t\t\t\t<div class=\"elementor-element elementor-element-9a10d82 elementor-widget elementor-widget-image\" data-id=\"9a10d82\" data-element_type=\"widget\" data-widget_type=\"image.default\">\n\t\t\t\t<div class=\"elementor-widget-container\">\n\t\t\t\t\t<div class=\"elementor-image\">\n\t\t\t\t\t\t\t\t\t\t<img loading=\"lazy\" decoding=\"async\" width=\"730\" height=\"1024\" src=\"https:\/\/orientalevenezia.beniculturali.it\/wp-content\/uploads\/2025\/08\/Flyer-MAOV-Edu-day_carta-usomano-2-2-1-730x1024.jpg\" class=\"attachment-large size-large\" alt=\"\" srcset=\"https:\/\/orientalevenezia.beniculturali.it\/wp-content\/uploads\/2025\/08\/Flyer-MAOV-Edu-day_carta-usomano-2-2-1-730x1024.jpg 730w, https:\/\/orientalevenezia.beniculturali.it\/wp-content\/uploads\/2025\/08\/Flyer-MAOV-Edu-day_carta-usomano-2-2-1-214x300.jpg 214w, https:\/\/orientalevenezia.beniculturali.it\/wp-content\/uploads\/2025\/08\/Flyer-MAOV-Edu-day_carta-usomano-2-2-1-768x1078.jpg 768w, https:\/\/orientalevenezia.beniculturali.it\/wp-content\/uploads\/2025\/08\/Flyer-MAOV-Edu-day_carta-usomano-2-2-1.jpg 1275w\" sizes=\"auto, (max-width: 730px) 100vw, 730px\" \/>\t\t\t\t\t\t\t\t\t\t\t<\/div>\n\t\t\t\t<\/div>\n\t\t\t\t<\/div>\n\t\t\t\t\t\t<\/div>\n\t\t\t<\/div>\n\t\t<\/div>\n\t\t\t\t\t\t<\/div>\n\t\t\t<\/div>\n\t\t<\/section>\n\t\t\t\t<section class=\"elementor-element elementor-element-338877e elementor-section-boxed elementor-section-height-default elementor-section-height-default elementor-section elementor-top-section\" data-id=\"338877e\" data-element_type=\"section\">\n\t\t\t\t\t\t<div class=\"elementor-container elementor-column-gap-default\">\n\t\t\t\t<div class=\"elementor-row\">\n\t\t\t\t<div class=\"elementor-element elementor-element-8b9b2cf elementor-column elementor-col-100 elementor-top-column\" data-id=\"8b9b2cf\" data-element_type=\"column\">\n\t\t\t<div class=\"elementor-column-wrap  elementor-element-populated\">\n\t\t\t\t\t<div class=\"elementor-widget-wrap\">\n\t\t\t\t<div class=\"elementor-element elementor-element-8895075 elementor-shape-rounded elementor-widget elementor-widget-social-icons\" data-id=\"8895075\" data-element_type=\"widget\" data-widget_type=\"social-icons.default\">\n\t\t\t\t<div class=\"elementor-widget-container\">\n\t\t\t\t\t<div class=\"elementor-social-icons-wrapper\">\n\t\t\t\t\t\t\t<a class=\"elementor-icon elementor-social-icon elementor-social-icon-instagram elementor-repeater-item-79a159c\" href=\"https:\/\/www.instagram.com\/museorientalevenezia\/\" target=\"_blank\">\n\t\t\t\t\t<span class=\"elementor-screen-only\">Instagram<\/span>\n\t\t\t\t\t<i class=\"fab fa-instagram\"><\/i>\t\t\t\t<\/a>\n\t\t\t\t\t\t\t<a class=\"elementor-icon elementor-social-icon elementor-social-icon-facebook elementor-repeater-item-3d9e3e6\" href=\"https:\/\/it-it.facebook.com\/MAOVenezia\/\" target=\"_blank\">\n\t\t\t\t\t<span class=\"elementor-screen-only\">Facebook<\/span>\n\t\t\t\t\t<i class=\"fab fa-facebook\"><\/i>\t\t\t\t<\/a>\n\t\t\t\t\t\t\t<a class=\"elementor-icon elementor-social-icon elementor-social-icon-pinterest elementor-repeater-item-f6b5ad3\" href=\"https:\/\/www.pinterest.it\/MuseoOrientale\/\" target=\"_blank\">\n\t\t\t\t\t<span class=\"elementor-screen-only\">Pinterest<\/span>\n\t\t\t\t\t<i class=\"fab fa-pinterest\"><\/i>\t\t\t\t<\/a>\n\t\t\t\t\t<\/div>\n\t\t\t\t<\/div>\n\t\t\t\t<\/div>\n\t\t\t\t\t\t<\/div>\n\t\t\t<\/div>\n\t\t<\/div>\n\t\t\t\t\t\t<\/div>\n\t\t\t<\/div>\n\t\t<\/section>\n\t\t\t\t\t\t<\/div>\n\t\t\t<\/div>\n\t\t<\/div>","protected":false},"excerpt":{"rendered":"<p>SCOLARESCHE Per le scolaresche \u00e8 consigliata la prenotazione, telefonando al numero +39 041721127. Per richiedere una visita guidata, \u00e8 possibile contattare il numero +39 0415241173.\u00c8 inoltre possibile per le classi concordare delle Convenzioni gratuite con il Museo (Marta Boscolo Marchi 041 2967628 o Elisa Assunta de Concini 0415241173), che offre laboratori e attivit\u00e0 per studenti &hellip;<\/p>\n<p class=\"read-more\"> <a class=\"\" href=\"https:\/\/orientalevenezia.beniculturali.it\/en\/didattica\/scolaresche\/\"> <span class=\"screen-reader-text\">School classes<\/span> Read More &raquo;<\/a><\/p>","protected":false},"author":1,"featured_media":0,"parent":79,"menu_order":0,"comment_status":"closed","ping_status":"closed","template":"","meta":{"footnotes":""},"class_list":["post-819","page","type-page","status-publish","hentry"],"_links":{"self":[{"href":"https:\/\/orientalevenezia.beniculturali.it\/en\/wp-json\/wp\/v2\/pages\/819","targetHints":{"allow":["GET"]}}],"collection":[{"href":"https:\/\/orientalevenezia.beniculturali.it\/en\/wp-json\/wp\/v2\/pages"}],"about":[{"href":"https:\/\/orientalevenezia.beniculturali.it\/en\/wp-json\/wp\/v2\/types\/page"}],"author":[{"embeddable":true,"href":"https:\/\/orientalevenezia.beniculturali.it\/en\/wp-json\/wp\/v2\/users\/1"}],"replies":[{"embeddable":true,"href":"https:\/\/orientalevenezia.beniculturali.it\/en\/wp-json\/wp\/v2\/comments?post=819"}],"version-history":[{"count":29,"href":"https:\/\/orientalevenezia.beniculturali.it\/en\/wp-json\/wp\/v2\/pages\/819\/revisions"}],"predecessor-version":[{"id":3374,"href":"https:\/\/orientalevenezia.beniculturali.it\/en\/wp-json\/wp\/v2\/pages\/819\/revisions\/3374"}],"up":[{"embeddable":true,"href":"https:\/\/orientalevenezia.beniculturali.it\/en\/wp-json\/wp\/v2\/pages\/79"}],"wp:attachment":[{"href":"https:\/\/orientalevenezia.beniculturali.it\/en\/wp-json\/wp\/v2\/media?parent=819"}],"curies":[{"name":"wp","href":"https:\/\/api.w.org\/{rel}","templated":true}]}}